{"id":1691,"date":"2024-11-12T12:53:36","date_gmt":"2024-11-12T11:53:36","guid":{"rendered":"https:\/\/wineforsoul.it\/prodotto\/arte-langhe-rosso-2022-doc-clerico\/"},"modified":"2024-11-13T17:27:07","modified_gmt":"2024-11-13T16:27:07","slug":"arte-langhe-rosso-2022-doc-clerico","status":"publish","type":"product","link":"https:\/\/wineforsoul.it\/en\/product\/arte-langhe-rosso-2022-doc-clerico\/","title":{"rendered":"Arte langhe rosso 2022 DOC Clerico"},"content":{"rendered":"<p>Arte \u00e8 una cuv\u00e9e di 90% Nebbiolo e 10% Barbera. Il bouquet, data la preponderanza del Nebbiolo, ricorda rose selvatiche, more, tabacco, grafite e terreni argillosi. Al palato, Arte si esprime con potenza e straordinaria<br \/>\ndensit\u00e0, con un finale intenso che gli conferisce le potenzialit\u00e0 di un &#8220;Vin de Garde&#8221;. Le uve Nebbiolo provengono dalle viti pi\u00f9 giovani dei vigneti Pajana,<br \/>\nGinestra e Mosconi. La resa \u00e8 di 5500 chilogrammi per ettaro. Le uve Barbera provengono invece da viti che hanno in media 40 anni. Le due variet\u00e0 vengono fermentate separatamente, la Barbera da 10 a 12 giorni, il Nebbiolo qualche giorno in pi\u00f9. I vini sono assemblati e poi affinati per 16-18 mesi in barriques francesi nuove.<\/p>\n","protected":false},"excerpt":{"rendered":"<div class=\"elementor-element elementor-element-02c6249 elementor-widget elementor-widget-html\" data-id=\"02c6249\" data-element_type=\"widget\" data-widget_type=\"html.default\">\n<div class=\"elementor-widget-container\">\n<div class=\"vino__main-txt section-content text-center\" data-os-animation=\"animated\">\n<div class=\"split-text\" data-split-text-type=\"lines\" data-split-text-set=\"lines\">\n<div class=\"split-text__line\">Dal 1981 Arte simboleggia il nostro desiderio di sperimentare; la curiosit\u00e0 di cercare strade nuove ed inesplorate, senza mai dimenticare da dove veniamo. \u00c8 cos\u00ec che nasce l\u2019Arte, dall\u2019equilibrio fra due variet\u00e0 cos\u00ec diverse ma complementari.<\/div>\n<div class=\"split-text__line\">Struttura e carattere da Nebbiolo, morbidezza ed eleganza dalla Barbera.<\/div>\n<\/div>\n<\/div>\n<\/div>\n<\/div>\n<div class=\"elementor-element elementor-element-0bd0a8d elementor-widget elementor-widget-paganibros-vino-info\" data-id=\"0bd0a8d\" data-element_type=\"widget\" data-widget_type=\"paganibros-vino-info.default\">\n<div class=\"elementor-widget-container\">\n<div id=\"vino__stella-wrap\" class=\"section-content\" data-os-animation=\"animated\">\n<div id=\"vino__stella\">\n<div class=\"svg__ie-stella\"><\/div>\n<\/div>\n<\/div>\n<\/div>\n<\/div>\n","protected":false},"featured_media":1669,"template":"","meta":{"_acf_changed":false,"inline_featured_image":false},"product_brand":[],"product_cat":[213,47,48],"product_tag":[],"class_list":{"0":"post-1691","1":"product","2":"type-product","3":"status-publish","4":"has-post-thumbnail","6":"product_cat-excellence","7":"product_cat-promo-en","8":"product_cat-red-wines","9":"pa_cantina-clerico","11":"first","12":"instock","13":"sale","14":"shipping-taxable","15":"purchasable","16":"product-type-simple"},"acf":[],"yoast_head":"<!-- This site is optimized with the Yoast SEO plugin v27.1.1 - https:\/\/yoast.com\/product\/yoast-seo-wordpress\/ -->\n<title>Arte langhe rosso 2022 DOC Clerico - Wine for Soul<\/title>\n<meta name=\"robots\" content=\"index, follow, max-snippet:-1, max-image-preview:large, max-video-preview:-1\" \/>\n<link rel=\"canonical\" href=\"https:\/\/wineforsoul.it\/en\/product\/arte-langhe-rosso-2022-doc-clerico\/\" \/>\n<meta property=\"og:locale\" content=\"en_US\" \/>\n<meta property=\"og:type\" content=\"article\" \/>\n<meta property=\"og:title\" content=\"Arte langhe rosso 2022 DOC Clerico - Wine for Soul\" \/>\n<meta property=\"og:description\" content=\"Dal 1981 Arte simboleggia il nostro desiderio di sperimentare; la curiosit\u00e0 di cercare strade nuove ed inesplorate, senza mai dimenticare da dove veniamo. \u00c8 cos\u00ec che nasce l\u2019Arte, dall\u2019equilibrio fra due variet\u00e0 cos\u00ec diverse ma complementari. Struttura e carattere da Nebbiolo, morbidezza ed eleganza dalla Barbera.\" \/>\n<meta property=\"og:url\" content=\"https:\/\/wineforsoul.it\/en\/product\/arte-langhe-rosso-2022-doc-clerico\/\" \/>\n<meta property=\"og:site_name\" content=\"Wine for Soul\" \/>\n<meta property=\"article:modified_time\" content=\"2024-11-13T16:27:07+00:00\" \/>\n<meta property=\"og:image\" content=\"https:\/\/wineforsoul.it\/wp-content\/uploads\/2024\/11\/Progetto_senza_titolo__156_-removebg-preview.png\" \/>\n\t<meta property=\"og:image:width\" content=\"500\" \/>\n\t<meta property=\"og:image:height\" content=\"500\" \/>\n\t<meta property=\"og:image:type\" content=\"image\/png\" \/>\n<meta name=\"twitter:card\" content=\"summary_large_image\" \/>\n<meta name=\"twitter:label1\" content=\"Est. reading time\" \/>\n\t<meta name=\"twitter:data1\" content=\"1 minute\" \/>\n<script type=\"application\/ld+json\" class=\"yoast-schema-graph\">{\"@context\":\"https:\/\/schema.org\",\"@graph\":[{\"@type\":\"WebPage\",\"@id\":\"https:\/\/wineforsoul.it\/en\/product\/arte-langhe-rosso-2022-doc-clerico\/\",\"url\":\"https:\/\/wineforsoul.it\/en\/product\/arte-langhe-rosso-2022-doc-clerico\/\",\"name\":\"Arte langhe rosso 2022 DOC Clerico - Wine for Soul\",\"isPartOf\":{\"@id\":\"https:\/\/wineforsoul.it\/en\/#website\"},\"primaryImageOfPage\":{\"@id\":\"https:\/\/wineforsoul.it\/en\/product\/arte-langhe-rosso-2022-doc-clerico\/#primaryimage\"},\"image\":{\"@id\":\"https:\/\/wineforsoul.it\/en\/product\/arte-langhe-rosso-2022-doc-clerico\/#primaryimage\"},\"thumbnailUrl\":\"https:\/\/wineforsoul.it\/wp-content\/uploads\/2024\/11\/Progetto_senza_titolo__156_-removebg-preview.png\",\"datePublished\":\"2024-11-12T11:53:36+00:00\",\"dateModified\":\"2024-11-13T16:27:07+00:00\",\"breadcrumb\":{\"@id\":\"https:\/\/wineforsoul.it\/en\/product\/arte-langhe-rosso-2022-doc-clerico\/#breadcrumb\"},\"inLanguage\":\"en-US\",\"potentialAction\":[{\"@type\":\"ReadAction\",\"target\":[\"https:\/\/wineforsoul.it\/en\/product\/arte-langhe-rosso-2022-doc-clerico\/\"]}]},{\"@type\":\"ImageObject\",\"inLanguage\":\"en-US\",\"@id\":\"https:\/\/wineforsoul.it\/en\/product\/arte-langhe-rosso-2022-doc-clerico\/#primaryimage\",\"url\":\"https:\/\/wineforsoul.it\/wp-content\/uploads\/2024\/11\/Progetto_senza_titolo__156_-removebg-preview.png\",\"contentUrl\":\"https:\/\/wineforsoul.it\/wp-content\/uploads\/2024\/11\/Progetto_senza_titolo__156_-removebg-preview.png\",\"width\":500,\"height\":500},{\"@type\":\"BreadcrumbList\",\"@id\":\"https:\/\/wineforsoul.it\/en\/product\/arte-langhe-rosso-2022-doc-clerico\/#breadcrumb\",\"itemListElement\":[{\"@type\":\"ListItem\",\"position\":1,\"name\":\"Home\",\"item\":\"https:\/\/wineforsoul.it\/en\/?lang=en\"},{\"@type\":\"ListItem\",\"position\":2,\"name\":\"Le migliori selezioni di vini scelti per te\",\"item\":\"https:\/\/wineforsoul.it\/negozio\/\"},{\"@type\":\"ListItem\",\"position\":3,\"name\":\"Arte langhe rosso 2022 DOC Clerico\"}]},{\"@type\":\"WebSite\",\"@id\":\"https:\/\/wineforsoul.it\/en\/#website\",\"url\":\"https:\/\/wineforsoul.it\/en\/\",\"name\":\"Wine for Soul\",\"description\":\"\",\"potentialAction\":[{\"@type\":\"SearchAction\",\"target\":{\"@type\":\"EntryPoint\",\"urlTemplate\":\"https:\/\/wineforsoul.it\/en\/?s={search_term_string}\"},\"query-input\":{\"@type\":\"PropertyValueSpecification\",\"valueRequired\":true,\"valueName\":\"search_term_string\"}}],\"inLanguage\":\"en-US\"}]}<\/script>\n<!-- \/ Yoast SEO plugin. -->","yoast_head_json":{"title":"Arte langhe rosso 2022 DOC Clerico - Wine for Soul","robots":{"index":"index","follow":"follow","max-snippet":"max-snippet:-1","max-image-preview":"max-image-preview:large","max-video-preview":"max-video-preview:-1"},"canonical":"https:\/\/wineforsoul.it\/en\/product\/arte-langhe-rosso-2022-doc-clerico\/","og_locale":"en_US","og_type":"article","og_title":"Arte langhe rosso 2022 DOC Clerico - Wine for Soul","og_description":"Dal 1981 Arte simboleggia il nostro desiderio di sperimentare; la curiosit\u00e0 di cercare strade nuove ed inesplorate, senza mai dimenticare da dove veniamo. \u00c8 cos\u00ec che nasce l\u2019Arte, dall\u2019equilibrio fra due variet\u00e0 cos\u00ec diverse ma complementari. Struttura e carattere da Nebbiolo, morbidezza ed eleganza dalla Barbera.","og_url":"https:\/\/wineforsoul.it\/en\/product\/arte-langhe-rosso-2022-doc-clerico\/","og_site_name":"Wine for Soul","article_modified_time":"2024-11-13T16:27:07+00:00","og_image":[{"width":500,"height":500,"url":"https:\/\/wineforsoul.it\/wp-content\/uploads\/2024\/11\/Progetto_senza_titolo__156_-removebg-preview.png","type":"image\/png"}],"twitter_card":"summary_large_image","twitter_misc":{"Est. reading time":"1 minute"},"schema":{"@context":"https:\/\/schema.org","@graph":[{"@type":"WebPage","@id":"https:\/\/wineforsoul.it\/en\/product\/arte-langhe-rosso-2022-doc-clerico\/","url":"https:\/\/wineforsoul.it\/en\/product\/arte-langhe-rosso-2022-doc-clerico\/","name":"Arte langhe rosso 2022 DOC Clerico - Wine for Soul","isPartOf":{"@id":"https:\/\/wineforsoul.it\/en\/#website"},"primaryImageOfPage":{"@id":"https:\/\/wineforsoul.it\/en\/product\/arte-langhe-rosso-2022-doc-clerico\/#primaryimage"},"image":{"@id":"https:\/\/wineforsoul.it\/en\/product\/arte-langhe-rosso-2022-doc-clerico\/#primaryimage"},"thumbnailUrl":"https:\/\/wineforsoul.it\/wp-content\/uploads\/2024\/11\/Progetto_senza_titolo__156_-removebg-preview.png","datePublished":"2024-11-12T11:53:36+00:00","dateModified":"2024-11-13T16:27:07+00:00","breadcrumb":{"@id":"https:\/\/wineforsoul.it\/en\/product\/arte-langhe-rosso-2022-doc-clerico\/#breadcrumb"},"inLanguage":"en-US","potentialAction":[{"@type":"ReadAction","target":["https:\/\/wineforsoul.it\/en\/product\/arte-langhe-rosso-2022-doc-clerico\/"]}]},{"@type":"ImageObject","inLanguage":"en-US","@id":"https:\/\/wineforsoul.it\/en\/product\/arte-langhe-rosso-2022-doc-clerico\/#primaryimage","url":"https:\/\/wineforsoul.it\/wp-content\/uploads\/2024\/11\/Progetto_senza_titolo__156_-removebg-preview.png","contentUrl":"https:\/\/wineforsoul.it\/wp-content\/uploads\/2024\/11\/Progetto_senza_titolo__156_-removebg-preview.png","width":500,"height":500},{"@type":"BreadcrumbList","@id":"https:\/\/wineforsoul.it\/en\/product\/arte-langhe-rosso-2022-doc-clerico\/#breadcrumb","itemListElement":[{"@type":"ListItem","position":1,"name":"Home","item":"https:\/\/wineforsoul.it\/en\/?lang=en"},{"@type":"ListItem","position":2,"name":"Le migliori selezioni di vini scelti per te","item":"https:\/\/wineforsoul.it\/negozio\/"},{"@type":"ListItem","position":3,"name":"Arte langhe rosso 2022 DOC Clerico"}]},{"@type":"WebSite","@id":"https:\/\/wineforsoul.it\/en\/#website","url":"https:\/\/wineforsoul.it\/en\/","name":"Wine for Soul","description":"","potentialAction":[{"@type":"SearchAction","target":{"@type":"EntryPoint","urlTemplate":"https:\/\/wineforsoul.it\/en\/?s={search_term_string}"},"query-input":{"@type":"PropertyValueSpecification","valueRequired":true,"valueName":"search_term_string"}}],"inLanguage":"en-US"}]}},"_links":{"self":[{"href":"https:\/\/wineforsoul.it\/en\/wp-json\/wp\/v2\/product\/1691","targetHints":{"allow":["GET"]}}],"collection":[{"href":"https:\/\/wineforsoul.it\/en\/wp-json\/wp\/v2\/product"}],"about":[{"href":"https:\/\/wineforsoul.it\/en\/wp-json\/wp\/v2\/types\/product"}],"wp:featuredmedia":[{"embeddable":true,"href":"https:\/\/wineforsoul.it\/en\/wp-json\/wp\/v2\/media\/1669"}],"wp:attachment":[{"href":"https:\/\/wineforsoul.it\/en\/wp-json\/wp\/v2\/media?parent=1691"}],"wp:term":[{"taxonomy":"product_brand","embeddable":true,"href":"https:\/\/wineforsoul.it\/en\/wp-json\/wp\/v2\/product_brand?post=1691"},{"taxonomy":"product_cat","embeddable":true,"href":"https:\/\/wineforsoul.it\/en\/wp-json\/wp\/v2\/product_cat?post=1691"},{"taxonomy":"product_tag","embeddable":true,"href":"https:\/\/wineforsoul.it\/en\/wp-json\/wp\/v2\/product_tag?post=1691"}],"curies":[{"name":"wp","href":"https:\/\/api.w.org\/{rel}","templated":true}]}}