{"id":1528,"date":"2024-08-11T17:48:01","date_gmt":"2024-08-11T15:48:01","guid":{"rendered":"https:\/\/wineforsoul.it\/prodotto\/champagne-phillipponat-non-dose\/"},"modified":"2024-11-06T16:43:30","modified_gmt":"2024-11-06T15:43:30","slug":"champagne-phillipponat-non-dose","status":"publish","type":"product","link":"https:\/\/wineforsoul.it\/en\/product\/champagne-phillipponat-non-dose\/","title":{"rendered":"Champagne Phillipponat Non Dos\u00e8"},"content":{"rendered":"<p>Royale R\u00e9serve Non Dos\u00e9<\/p>\n<p>67% Pinot Noir, 31% Chardonnay, 2% Pinot Meunier.<\/p>\n<p>Harvest: 2019 D\u00e9gorgement: 2024<\/p>\n<p>Cuv\u00e9e: 255<\/p>\n<p>First pressing of the grapes in the heart of Champagne, mainly from Grands and Premiers Crus. 20 to 30% of reserve wines managed in solera and aged in wood to incorporate old wines without losing any freshness. Traditional winemaking that avoids premature oxidation. Partial malolactic fermentation and aging of reserve wines in barrels, allowing the aromas to gain greater complexity. No dosage (0 g\/l) to not mask the character of the wine and its purity. Aging on the lees in the Maison&#8217;s cellars, at a constant temperature of 12\u00b0C for three years, much longer than the legal minimum of fifteen months.<\/p>\n<p>Pale gold color. Fine and persistent foam. Nose of linden flower, vine flower, and hawthorn. On the palate, a direct and pure attack, with citrus notes and a nice liveliness without aggression. Long and clear finish with notes of warm bread and fresh apple. At the table, for a lively aperitif, served fresh but not iced (8\u00b0C). To enhance raw fish and seafood. To elevate Japanese cuisine. Royale R\u00e9serve Non Dos\u00e9 expresses all its liveliness in the 6-8 months following disgorgement. A wine that also lends itself to aging for several years.<\/p>\n","protected":false},"excerpt":{"rendered":"<p>For a lively aperitif, served fresh but not iced (8\u00b0C). To enhance raw fish and seafood. To elevate Japanese cuisine.<\/p>\n","protected":false},"featured_media":478,"template":"","meta":{"_acf_changed":false,"inline_featured_image":false},"product_brand":[],"product_cat":[209,213],"product_tag":[],"class_list":{"0":"post-1528","1":"product","2":"type-product","3":"status-publish","4":"has-post-thumbnail","6":"product_cat-champagne","7":"product_cat-excellence","8":"pa_cantina-phillipponat","10":"first","11":"instock","12":"shipping-taxable","13":"purchasable","14":"product-type-simple"},"acf":[],"yoast_head":"<!-- This site is optimized with the Yoast SEO plugin v27.1.1 - https:\/\/yoast.com\/product\/yoast-seo-wordpress\/ -->\n<title>Champagne Phillipponat Non Dos\u00e8 - Wine for Soul<\/title>\n<meta name=\"robots\" content=\"index, follow, max-snippet:-1, max-image-preview:large, max-video-preview:-1\" \/>\n<link rel=\"canonical\" href=\"https:\/\/wineforsoul.it\/en\/product\/champagne-phillipponat-non-dose\/\" \/>\n<meta property=\"og:locale\" content=\"en_US\" \/>\n<meta property=\"og:type\" content=\"article\" \/>\n<meta property=\"og:title\" content=\"Champagne Phillipponat Non Dos\u00e8 - Wine for Soul\" \/>\n<meta property=\"og:description\" content=\"For a lively aperitif, served fresh but not iced (8\u00b0C). To enhance raw fish and seafood. To elevate Japanese cuisine.\" \/>\n<meta property=\"og:url\" content=\"https:\/\/wineforsoul.it\/en\/product\/champagne-phillipponat-non-dose\/\" \/>\n<meta property=\"og:site_name\" content=\"Wine for Soul\" \/>\n<meta property=\"article:modified_time\" content=\"2024-11-06T15:43:30+00:00\" \/>\n<meta property=\"og:image\" content=\"https:\/\/wineforsoul.it\/wp-content\/uploads\/2024\/08\/Testo_del_paragrafo__7_-removebg-preview.png\" \/>\n\t<meta property=\"og:image:width\" content=\"500\" \/>\n\t<meta property=\"og:image:height\" content=\"500\" \/>\n\t<meta property=\"og:image:type\" content=\"image\/png\" \/>\n<meta name=\"twitter:card\" content=\"summary_large_image\" \/>\n<meta name=\"twitter:label1\" content=\"Est. reading time\" \/>\n\t<meta name=\"twitter:data1\" content=\"2 minutes\" \/>\n<script type=\"application\/ld+json\" class=\"yoast-schema-graph\">{\"@context\":\"https:\/\/schema.org\",\"@graph\":[{\"@type\":\"WebPage\",\"@id\":\"https:\/\/wineforsoul.it\/en\/product\/champagne-phillipponat-non-dose\/\",\"url\":\"https:\/\/wineforsoul.it\/en\/product\/champagne-phillipponat-non-dose\/\",\"name\":\"Champagne Phillipponat Non Dos\u00e8 - Wine for Soul\",\"isPartOf\":{\"@id\":\"https:\/\/wineforsoul.it\/en\/#website\"},\"primaryImageOfPage\":{\"@id\":\"https:\/\/wineforsoul.it\/en\/product\/champagne-phillipponat-non-dose\/#primaryimage\"},\"image\":{\"@id\":\"https:\/\/wineforsoul.it\/en\/product\/champagne-phillipponat-non-dose\/#primaryimage\"},\"thumbnailUrl\":\"https:\/\/wineforsoul.it\/wp-content\/uploads\/2024\/08\/Testo_del_paragrafo__7_-removebg-preview.png\",\"datePublished\":\"2024-08-11T15:48:01+00:00\",\"dateModified\":\"2024-11-06T15:43:30+00:00\",\"breadcrumb\":{\"@id\":\"https:\/\/wineforsoul.it\/en\/product\/champagne-phillipponat-non-dose\/#breadcrumb\"},\"inLanguage\":\"en-US\",\"potentialAction\":[{\"@type\":\"ReadAction\",\"target\":[\"https:\/\/wineforsoul.it\/en\/product\/champagne-phillipponat-non-dose\/\"]}]},{\"@type\":\"ImageObject\",\"inLanguage\":\"en-US\",\"@id\":\"https:\/\/wineforsoul.it\/en\/product\/champagne-phillipponat-non-dose\/#primaryimage\",\"url\":\"https:\/\/wineforsoul.it\/wp-content\/uploads\/2024\/08\/Testo_del_paragrafo__7_-removebg-preview.png\",\"contentUrl\":\"https:\/\/wineforsoul.it\/wp-content\/uploads\/2024\/08\/Testo_del_paragrafo__7_-removebg-preview.png\",\"width\":500,\"height\":500},{\"@type\":\"BreadcrumbList\",\"@id\":\"https:\/\/wineforsoul.it\/en\/product\/champagne-phillipponat-non-dose\/#breadcrumb\",\"itemListElement\":[{\"@type\":\"ListItem\",\"position\":1,\"name\":\"Home\",\"item\":\"https:\/\/wineforsoul.it\/en\/?lang=en\"},{\"@type\":\"ListItem\",\"position\":2,\"name\":\"Le migliori selezioni di vini scelti per te\",\"item\":\"https:\/\/wineforsoul.it\/negozio\/\"},{\"@type\":\"ListItem\",\"position\":3,\"name\":\"Champagne Phillipponat Non Dos\u00e8\"}]},{\"@type\":\"WebSite\",\"@id\":\"https:\/\/wineforsoul.it\/en\/#website\",\"url\":\"https:\/\/wineforsoul.it\/en\/\",\"name\":\"Wine for Soul\",\"description\":\"\",\"potentialAction\":[{\"@type\":\"SearchAction\",\"target\":{\"@type\":\"EntryPoint\",\"urlTemplate\":\"https:\/\/wineforsoul.it\/en\/?s={search_term_string}\"},\"query-input\":{\"@type\":\"PropertyValueSpecification\",\"valueRequired\":true,\"valueName\":\"search_term_string\"}}],\"inLanguage\":\"en-US\"}]}<\/script>\n<!-- \/ Yoast SEO plugin. -->","yoast_head_json":{"title":"Champagne Phillipponat Non Dos\u00e8 - Wine for Soul","robots":{"index":"index","follow":"follow","max-snippet":"max-snippet:-1","max-image-preview":"max-image-preview:large","max-video-preview":"max-video-preview:-1"},"canonical":"https:\/\/wineforsoul.it\/en\/product\/champagne-phillipponat-non-dose\/","og_locale":"en_US","og_type":"article","og_title":"Champagne Phillipponat Non Dos\u00e8 - Wine for Soul","og_description":"For a lively aperitif, served fresh but not iced (8\u00b0C). To enhance raw fish and seafood. To elevate Japanese cuisine.","og_url":"https:\/\/wineforsoul.it\/en\/product\/champagne-phillipponat-non-dose\/","og_site_name":"Wine for Soul","article_modified_time":"2024-11-06T15:43:30+00:00","og_image":[{"width":500,"height":500,"url":"https:\/\/wineforsoul.it\/wp-content\/uploads\/2024\/08\/Testo_del_paragrafo__7_-removebg-preview.png","type":"image\/png"}],"twitter_card":"summary_large_image","twitter_misc":{"Est. reading time":"2 minutes"},"schema":{"@context":"https:\/\/schema.org","@graph":[{"@type":"WebPage","@id":"https:\/\/wineforsoul.it\/en\/product\/champagne-phillipponat-non-dose\/","url":"https:\/\/wineforsoul.it\/en\/product\/champagne-phillipponat-non-dose\/","name":"Champagne Phillipponat Non Dos\u00e8 - Wine for Soul","isPartOf":{"@id":"https:\/\/wineforsoul.it\/en\/#website"},"primaryImageOfPage":{"@id":"https:\/\/wineforsoul.it\/en\/product\/champagne-phillipponat-non-dose\/#primaryimage"},"image":{"@id":"https:\/\/wineforsoul.it\/en\/product\/champagne-phillipponat-non-dose\/#primaryimage"},"thumbnailUrl":"https:\/\/wineforsoul.it\/wp-content\/uploads\/2024\/08\/Testo_del_paragrafo__7_-removebg-preview.png","datePublished":"2024-08-11T15:48:01+00:00","dateModified":"2024-11-06T15:43:30+00:00","breadcrumb":{"@id":"https:\/\/wineforsoul.it\/en\/product\/champagne-phillipponat-non-dose\/#breadcrumb"},"inLanguage":"en-US","potentialAction":[{"@type":"ReadAction","target":["https:\/\/wineforsoul.it\/en\/product\/champagne-phillipponat-non-dose\/"]}]},{"@type":"ImageObject","inLanguage":"en-US","@id":"https:\/\/wineforsoul.it\/en\/product\/champagne-phillipponat-non-dose\/#primaryimage","url":"https:\/\/wineforsoul.it\/wp-content\/uploads\/2024\/08\/Testo_del_paragrafo__7_-removebg-preview.png","contentUrl":"https:\/\/wineforsoul.it\/wp-content\/uploads\/2024\/08\/Testo_del_paragrafo__7_-removebg-preview.png","width":500,"height":500},{"@type":"BreadcrumbList","@id":"https:\/\/wineforsoul.it\/en\/product\/champagne-phillipponat-non-dose\/#breadcrumb","itemListElement":[{"@type":"ListItem","position":1,"name":"Home","item":"https:\/\/wineforsoul.it\/en\/?lang=en"},{"@type":"ListItem","position":2,"name":"Le migliori selezioni di vini scelti per te","item":"https:\/\/wineforsoul.it\/negozio\/"},{"@type":"ListItem","position":3,"name":"Champagne Phillipponat Non Dos\u00e8"}]},{"@type":"WebSite","@id":"https:\/\/wineforsoul.it\/en\/#website","url":"https:\/\/wineforsoul.it\/en\/","name":"Wine for Soul","description":"","potentialAction":[{"@type":"SearchAction","target":{"@type":"EntryPoint","urlTemplate":"https:\/\/wineforsoul.it\/en\/?s={search_term_string}"},"query-input":{"@type":"PropertyValueSpecification","valueRequired":true,"valueName":"search_term_string"}}],"inLanguage":"en-US"}]}},"_links":{"self":[{"href":"https:\/\/wineforsoul.it\/en\/wp-json\/wp\/v2\/product\/1528","targetHints":{"allow":["GET"]}}],"collection":[{"href":"https:\/\/wineforsoul.it\/en\/wp-json\/wp\/v2\/product"}],"about":[{"href":"https:\/\/wineforsoul.it\/en\/wp-json\/wp\/v2\/types\/product"}],"wp:featuredmedia":[{"embeddable":true,"href":"https:\/\/wineforsoul.it\/en\/wp-json\/wp\/v2\/media\/478"}],"wp:attachment":[{"href":"https:\/\/wineforsoul.it\/en\/wp-json\/wp\/v2\/media?parent=1528"}],"wp:term":[{"taxonomy":"product_brand","embeddable":true,"href":"https:\/\/wineforsoul.it\/en\/wp-json\/wp\/v2\/product_brand?post=1528"},{"taxonomy":"product_cat","embeddable":true,"href":"https:\/\/wineforsoul.it\/en\/wp-json\/wp\/v2\/product_cat?post=1528"},{"taxonomy":"product_tag","embeddable":true,"href":"https:\/\/wineforsoul.it\/en\/wp-json\/wp\/v2\/product_tag?post=1528"}],"curies":[{"name":"wp","href":"https:\/\/api.w.org\/{rel}","templated":true}]}}