{"id":1517,"date":"2024-09-20T14:50:23","date_gmt":"2024-09-20T12:50:23","guid":{"rendered":"https:\/\/wineforsoul.it\/prodotto\/barbaresco-martinenga-2020-docg-marchesi-di-gresi\/"},"modified":"2024-11-06T16:32:33","modified_gmt":"2024-11-06T15:32:33","slug":"barbaresco-martinenga-2020-docg-marchesi-di-gresi","status":"publish","type":"product","link":"https:\/\/wineforsoul.it\/en\/product\/barbaresco-martinenga-2020-docg-marchesi-di-gresi\/","title":{"rendered":"Barbaresco Martinenga 2020 DOCG Marchesi di Gres\u00ec"},"content":{"rendered":"<p>The Tenute Cisa Asinari dei Marchesi di Gr\u00e9sy winery, commonly known as Marchesi di Gr\u00e9sy, is renowned for its location to the east of Alba, in the north-western Piedmont region, and for its production of fine wines, particularly Barbaresco DOCG. Founded in 1797, the Gr\u00e9sy family has managed the estate for generations, beginning winemaking production in 1973. The main winery is located in Martinenga, at the heart of the Barbaresco wine region. The Martinenga vineyard spans 24 hectares (approximately 59 acres) and produces three different Barbaresco labels, each sourced from specific parts of the vineyard: Martinenga, Camp Gros Martinenga, and Gaiun Martinenga. Nebbiolo occupies about half of the vineyard, with the remainder planted with varieties such as Sauvignon Blanc, Chardonnay, Barbera, and Cabernet Sauvignon.<\/p>\n<p>This Barbaresco is aged for 10 months in barriques, 12 months in large Slavonian oak casks, and 12 months in bottle.<\/p>\n","protected":false},"excerpt":{"rendered":"<p>The Barbaresco Martinenga by Marchesi di Gr\u00e9sy is an intense and elegant red wine, made from pure Nebbiolo grapes grown in the Martinenga cru in Barbaresco.<\/p>\n","protected":false},"featured_media":827,"template":"","meta":{"_acf_changed":false,"inline_featured_image":false},"product_brand":[],"product_cat":[213,47,48],"product_tag":[],"class_list":{"0":"post-1517","1":"product","2":"type-product","3":"status-publish","4":"has-post-thumbnail","6":"product_cat-excellence","7":"product_cat-promo-en","8":"product_cat-red-wines","9":"pa_cantina-marchesi-di-gresy","11":"first","12":"instock","13":"sale","14":"shipping-taxable","15":"purchasable","16":"product-type-simple"},"acf":[],"yoast_head":"<!-- This site is optimized with the Yoast SEO plugin v27.1.1 - https:\/\/yoast.com\/product\/yoast-seo-wordpress\/ -->\n<title>Barbaresco Martinenga 2020 DOCG Marchesi di Gres\u00ec - Wine for Soul<\/title>\n<meta name=\"robots\" content=\"index, follow, max-snippet:-1, max-image-preview:large, max-video-preview:-1\" \/>\n<link rel=\"canonical\" href=\"https:\/\/wineforsoul.it\/en\/product\/barbaresco-martinenga-2020-docg-marchesi-di-gresi\/\" \/>\n<meta property=\"og:locale\" content=\"en_US\" \/>\n<meta property=\"og:type\" content=\"article\" \/>\n<meta property=\"og:title\" content=\"Barbaresco Martinenga 2020 DOCG Marchesi di Gres\u00ec - Wine for Soul\" \/>\n<meta property=\"og:description\" content=\"The Barbaresco Martinenga by Marchesi di Gr\u00e9sy is an intense and elegant red wine, made from pure Nebbiolo grapes grown in the Martinenga cru in Barbaresco.\" \/>\n<meta property=\"og:url\" content=\"https:\/\/wineforsoul.it\/en\/product\/barbaresco-martinenga-2020-docg-marchesi-di-gresi\/\" \/>\n<meta property=\"og:site_name\" content=\"Wine for Soul\" \/>\n<meta property=\"article:modified_time\" content=\"2024-11-06T15:32:33+00:00\" \/>\n<meta property=\"og:image\" content=\"https:\/\/wineforsoul.it\/wp-content\/uploads\/2024\/09\/Progetto_senza_titolo__63_-removebg-preview.png\" \/>\n\t<meta property=\"og:image:width\" content=\"500\" \/>\n\t<meta property=\"og:image:height\" content=\"500\" \/>\n\t<meta property=\"og:image:type\" content=\"image\/png\" \/>\n<meta name=\"twitter:card\" content=\"summary_large_image\" \/>\n<meta name=\"twitter:label1\" content=\"Est. reading time\" \/>\n\t<meta name=\"twitter:data1\" content=\"1 minute\" \/>\n<script type=\"application\/ld+json\" class=\"yoast-schema-graph\">{\"@context\":\"https:\/\/schema.org\",\"@graph\":[{\"@type\":\"WebPage\",\"@id\":\"https:\/\/wineforsoul.it\/en\/product\/barbaresco-martinenga-2020-docg-marchesi-di-gresi\/\",\"url\":\"https:\/\/wineforsoul.it\/en\/product\/barbaresco-martinenga-2020-docg-marchesi-di-gresi\/\",\"name\":\"Barbaresco Martinenga 2020 DOCG Marchesi di Gres\u00ec - Wine for Soul\",\"isPartOf\":{\"@id\":\"https:\/\/wineforsoul.it\/en\/#website\"},\"primaryImageOfPage\":{\"@id\":\"https:\/\/wineforsoul.it\/en\/product\/barbaresco-martinenga-2020-docg-marchesi-di-gresi\/#primaryimage\"},\"image\":{\"@id\":\"https:\/\/wineforsoul.it\/en\/product\/barbaresco-martinenga-2020-docg-marchesi-di-gresi\/#primaryimage\"},\"thumbnailUrl\":\"https:\/\/wineforsoul.it\/wp-content\/uploads\/2024\/09\/Progetto_senza_titolo__63_-removebg-preview.png\",\"datePublished\":\"2024-09-20T12:50:23+00:00\",\"dateModified\":\"2024-11-06T15:32:33+00:00\",\"breadcrumb\":{\"@id\":\"https:\/\/wineforsoul.it\/en\/product\/barbaresco-martinenga-2020-docg-marchesi-di-gresi\/#breadcrumb\"},\"inLanguage\":\"en-US\",\"potentialAction\":[{\"@type\":\"ReadAction\",\"target\":[\"https:\/\/wineforsoul.it\/en\/product\/barbaresco-martinenga-2020-docg-marchesi-di-gresi\/\"]}]},{\"@type\":\"ImageObject\",\"inLanguage\":\"en-US\",\"@id\":\"https:\/\/wineforsoul.it\/en\/product\/barbaresco-martinenga-2020-docg-marchesi-di-gresi\/#primaryimage\",\"url\":\"https:\/\/wineforsoul.it\/wp-content\/uploads\/2024\/09\/Progetto_senza_titolo__63_-removebg-preview.png\",\"contentUrl\":\"https:\/\/wineforsoul.it\/wp-content\/uploads\/2024\/09\/Progetto_senza_titolo__63_-removebg-preview.png\",\"width\":500,\"height\":500},{\"@type\":\"BreadcrumbList\",\"@id\":\"https:\/\/wineforsoul.it\/en\/product\/barbaresco-martinenga-2020-docg-marchesi-di-gresi\/#breadcrumb\",\"itemListElement\":[{\"@type\":\"ListItem\",\"position\":1,\"name\":\"Home\",\"item\":\"https:\/\/wineforsoul.it\/en\/?lang=en\"},{\"@type\":\"ListItem\",\"position\":2,\"name\":\"Le migliori selezioni di vini scelti per te\",\"item\":\"https:\/\/wineforsoul.it\/negozio\/\"},{\"@type\":\"ListItem\",\"position\":3,\"name\":\"Barbaresco Martinenga 2020 DOCG Marchesi di Gres\u00ec\"}]},{\"@type\":\"WebSite\",\"@id\":\"https:\/\/wineforsoul.it\/en\/#website\",\"url\":\"https:\/\/wineforsoul.it\/en\/\",\"name\":\"Wine for Soul\",\"description\":\"\",\"potentialAction\":[{\"@type\":\"SearchAction\",\"target\":{\"@type\":\"EntryPoint\",\"urlTemplate\":\"https:\/\/wineforsoul.it\/en\/?s={search_term_string}\"},\"query-input\":{\"@type\":\"PropertyValueSpecification\",\"valueRequired\":true,\"valueName\":\"search_term_string\"}}],\"inLanguage\":\"en-US\"}]}<\/script>\n<!-- \/ Yoast SEO plugin. -->","yoast_head_json":{"title":"Barbaresco Martinenga 2020 DOCG Marchesi di Gres\u00ec - Wine for Soul","robots":{"index":"index","follow":"follow","max-snippet":"max-snippet:-1","max-image-preview":"max-image-preview:large","max-video-preview":"max-video-preview:-1"},"canonical":"https:\/\/wineforsoul.it\/en\/product\/barbaresco-martinenga-2020-docg-marchesi-di-gresi\/","og_locale":"en_US","og_type":"article","og_title":"Barbaresco Martinenga 2020 DOCG Marchesi di Gres\u00ec - Wine for Soul","og_description":"The Barbaresco Martinenga by Marchesi di Gr\u00e9sy is an intense and elegant red wine, made from pure Nebbiolo grapes grown in the Martinenga cru in Barbaresco.","og_url":"https:\/\/wineforsoul.it\/en\/product\/barbaresco-martinenga-2020-docg-marchesi-di-gresi\/","og_site_name":"Wine for Soul","article_modified_time":"2024-11-06T15:32:33+00:00","og_image":[{"width":500,"height":500,"url":"https:\/\/wineforsoul.it\/wp-content\/uploads\/2024\/09\/Progetto_senza_titolo__63_-removebg-preview.png","type":"image\/png"}],"twitter_card":"summary_large_image","twitter_misc":{"Est. reading time":"1 minute"},"schema":{"@context":"https:\/\/schema.org","@graph":[{"@type":"WebPage","@id":"https:\/\/wineforsoul.it\/en\/product\/barbaresco-martinenga-2020-docg-marchesi-di-gresi\/","url":"https:\/\/wineforsoul.it\/en\/product\/barbaresco-martinenga-2020-docg-marchesi-di-gresi\/","name":"Barbaresco Martinenga 2020 DOCG Marchesi di Gres\u00ec - Wine for Soul","isPartOf":{"@id":"https:\/\/wineforsoul.it\/en\/#website"},"primaryImageOfPage":{"@id":"https:\/\/wineforsoul.it\/en\/product\/barbaresco-martinenga-2020-docg-marchesi-di-gresi\/#primaryimage"},"image":{"@id":"https:\/\/wineforsoul.it\/en\/product\/barbaresco-martinenga-2020-docg-marchesi-di-gresi\/#primaryimage"},"thumbnailUrl":"https:\/\/wineforsoul.it\/wp-content\/uploads\/2024\/09\/Progetto_senza_titolo__63_-removebg-preview.png","datePublished":"2024-09-20T12:50:23+00:00","dateModified":"2024-11-06T15:32:33+00:00","breadcrumb":{"@id":"https:\/\/wineforsoul.it\/en\/product\/barbaresco-martinenga-2020-docg-marchesi-di-gresi\/#breadcrumb"},"inLanguage":"en-US","potentialAction":[{"@type":"ReadAction","target":["https:\/\/wineforsoul.it\/en\/product\/barbaresco-martinenga-2020-docg-marchesi-di-gresi\/"]}]},{"@type":"ImageObject","inLanguage":"en-US","@id":"https:\/\/wineforsoul.it\/en\/product\/barbaresco-martinenga-2020-docg-marchesi-di-gresi\/#primaryimage","url":"https:\/\/wineforsoul.it\/wp-content\/uploads\/2024\/09\/Progetto_senza_titolo__63_-removebg-preview.png","contentUrl":"https:\/\/wineforsoul.it\/wp-content\/uploads\/2024\/09\/Progetto_senza_titolo__63_-removebg-preview.png","width":500,"height":500},{"@type":"BreadcrumbList","@id":"https:\/\/wineforsoul.it\/en\/product\/barbaresco-martinenga-2020-docg-marchesi-di-gresi\/#breadcrumb","itemListElement":[{"@type":"ListItem","position":1,"name":"Home","item":"https:\/\/wineforsoul.it\/en\/?lang=en"},{"@type":"ListItem","position":2,"name":"Le migliori selezioni di vini scelti per te","item":"https:\/\/wineforsoul.it\/negozio\/"},{"@type":"ListItem","position":3,"name":"Barbaresco Martinenga 2020 DOCG Marchesi di Gres\u00ec"}]},{"@type":"WebSite","@id":"https:\/\/wineforsoul.it\/en\/#website","url":"https:\/\/wineforsoul.it\/en\/","name":"Wine for Soul","description":"","potentialAction":[{"@type":"SearchAction","target":{"@type":"EntryPoint","urlTemplate":"https:\/\/wineforsoul.it\/en\/?s={search_term_string}"},"query-input":{"@type":"PropertyValueSpecification","valueRequired":true,"valueName":"search_term_string"}}],"inLanguage":"en-US"}]}},"_links":{"self":[{"href":"https:\/\/wineforsoul.it\/en\/wp-json\/wp\/v2\/product\/1517","targetHints":{"allow":["GET"]}}],"collection":[{"href":"https:\/\/wineforsoul.it\/en\/wp-json\/wp\/v2\/product"}],"about":[{"href":"https:\/\/wineforsoul.it\/en\/wp-json\/wp\/v2\/types\/product"}],"wp:featuredmedia":[{"embeddable":true,"href":"https:\/\/wineforsoul.it\/en\/wp-json\/wp\/v2\/media\/827"}],"wp:attachment":[{"href":"https:\/\/wineforsoul.it\/en\/wp-json\/wp\/v2\/media?parent=1517"}],"wp:term":[{"taxonomy":"product_brand","embeddable":true,"href":"https:\/\/wineforsoul.it\/en\/wp-json\/wp\/v2\/product_brand?post=1517"},{"taxonomy":"product_cat","embeddable":true,"href":"https:\/\/wineforsoul.it\/en\/wp-json\/wp\/v2\/product_cat?post=1517"},{"taxonomy":"product_tag","embeddable":true,"href":"https:\/\/wineforsoul.it\/en\/wp-json\/wp\/v2\/product_tag?post=1517"}],"curies":[{"name":"wp","href":"https:\/\/api.w.org\/{rel}","templated":true}]}}